{"id":598,"date":"2018-02-16T13:25:13","date_gmt":"2018-02-16T12:25:13","guid":{"rendered":"http:\/\/temp.gis-support.pl\/?page_id=598"},"modified":"2018-02-16T13:25:13","modified_gmt":"2018-02-16T12:25:13","slug":"lubuskie-province","status":"publish","type":"page","link":"https:\/\/www.investinlubuskie.pl\/en\/lubuskie-province\/","title":{"rendered":"Lubuskie province"},"content":{"rendered":"<p>Lubuskie province is one of the most beautiful regions of the Western Poland, bordering on the German. The area is 13 989 square km is inhabited by 1 008.8 thousand people. Consequently the population density is 72 people per square km. The province is more urban developed than the rest of Poland. It is on the first place in terms of forest areas crossed by many lakes and rivers. Therefore our province is often called the green gate of Poland.<\/p>\n<p>The province was established in 1999 from two former provinces-G\u00f3rz\u00f3w and Zielona G\u00f3ra after making small corrections with the neighbouring provinces: zachodniopomorskie, wielkopolskie i dolno\u015bl\u0105skie.<\/p>\n<p>Lubuskie is located on the intersection of natural routes North-South and East-West what together with developing road networks makes the region well communicated with the rest of Poland and Europe. The most important towns in lubuskie province are: exceeding one hundred thousand people Zielona G\u00f3ra and Gorz\u00f3w Wielkopolski and smaller towns including Nowa S\u00f3l, \u017baga\u0144, \u017bary. The capital city of Poland Warsaw is located about 450 km from our province and the capital city of Germany, Berlin is located respectively 134 km from Gorz\u00f3w Wielkopolski and 182 km from Zielona G\u00f3ra.<\/p>\n<p>Lubuskie region has well developed trade and services, it extends the number of its hotels and holiday centres, it develops industry. This is the place of international companies\u2019 investments but due to joint efforts our province is a leader together with other regions aware of ecology.<\/p>\n<p>Lubuskie is attractive for foreign investors. Such companies find good conditions for development and significantly contribute to the foreign trade of the region. The most important trade partner of lubuskie province is Germany. Almost 70 % of goods and services is exported to Germany by the Polish companies. Other positions are taken by: Italy (4,1%), Holland (3,5%) and Denmark (3,3%). Also in import the Germany contribute to in over 50-percen, among other partners significant positions are taken by Italy (7,4%), Denmark (4,2%) and Czech Republic (3,3%).<\/p>\n","protected":false},"excerpt":{"rendered":"<p>Lubuskie province is one of the most beautiful regions of the Western Poland, bordering on the German. The area is&#8230;<\/p>\n","protected":false},"author":4,"featured_media":0,"parent":0,"menu_order":0,"comment_status":"closed","ping_status":"closed","template":"","meta":{"_monsterinsights_skip_tracking":false,"_monsterinsights_sitenote_active":false,"_monsterinsights_sitenote_note":"","_monsterinsights_sitenote_category":0,"footnotes":""},"class_list":["post-598","page","type-page","status-publish","hentry"],"_links":{"self":[{"href":"https:\/\/www.investinlubuskie.pl\/en\/wp-json\/wp\/v2\/pages\/598","targetHints":{"allow":["GET"]}}],"collection":[{"href":"https:\/\/www.investinlubuskie.pl\/en\/wp-json\/wp\/v2\/pages"}],"about":[{"href":"https:\/\/www.investinlubuskie.pl\/en\/wp-json\/wp\/v2\/types\/page"}],"author":[{"embeddable":true,"href":"https:\/\/www.investinlubuskie.pl\/en\/wp-json\/wp\/v2\/users\/4"}],"replies":[{"embeddable":true,"href":"https:\/\/www.investinlubuskie.pl\/en\/wp-json\/wp\/v2\/comments?post=598"}],"version-history":[{"count":1,"href":"https:\/\/www.investinlubuskie.pl\/en\/wp-json\/wp\/v2\/pages\/598\/revisions"}],"predecessor-version":[{"id":599,"href":"https:\/\/www.investinlubuskie.pl\/en\/wp-json\/wp\/v2\/pages\/598\/revisions\/599"}],"wp:attachment":[{"href":"https:\/\/www.investinlubuskie.pl\/en\/wp-json\/wp\/v2\/media?parent=598"}],"curies":[{"name":"wp","href":"https:\/\/api.w.org\/{rel}","templated":true}]}}