{"id":618,"date":"2018-02-16T13:43:41","date_gmt":"2018-02-16T12:43:41","guid":{"rendered":"http:\/\/temp.gis-support.pl\/?page_id=618"},"modified":"2018-02-16T13:49:59","modified_gmt":"2018-02-16T12:49:59","slug":"reference","status":"publish","type":"page","link":"https:\/\/www.investinlubuskie.pl\/en\/reference\/","title":{"rendered":"Reference"},"content":{"rendered":"<p style=\"text-align: center;\"><strong>Mayor \u017baga\u0144<\/strong><\/p>\n<p style=\"text-align: center;\"><strong><img loading=\"lazy\" decoding=\"async\" class=\"alignnone size-full wp-image-578\" src=\"http:\/\/investinlubuskie.pl\/wp-content\/uploads\/2018\/02\/521_zagan_LCOI-1.jpg\" alt=\"\" width=\"1000\" height=\"1376\" \/><\/strong><\/p>\n<p style=\"text-align: center;\"><strong>Mayor Sul\u0119cin<\/strong><\/p>\n<p style=\"text-align: center;\"><strong><img loading=\"lazy\" decoding=\"async\" class=\"alignnone size-full wp-image-580\" src=\"http:\/\/investinlubuskie.pl\/wp-content\/uploads\/2018\/02\/522_Referencje_Sulecin-1.jpg\" alt=\"\" width=\"1000\" height=\"1376\" \/><\/strong><\/p>\n<p style=\"text-align: center;\"><strong>Mayor Dobiegniew<\/strong><\/p>\n<p style=\"text-align: center;\"><strong><img loading=\"lazy\" decoding=\"async\" class=\"alignnone size-full wp-image-582\" src=\"http:\/\/investinlubuskie.pl\/wp-content\/uploads\/2018\/02\/523_Referencje_Dobiegniew-1.jpg\" alt=\"\" width=\"1000\" height=\"1376\" \/><\/strong><\/p>\n<p style=\"text-align: center;\"><strong>CALVIA Company<\/strong><\/p>\n<p style=\"text-align: center;\"><strong><img loading=\"lazy\" decoding=\"async\" class=\"alignnone size-full wp-image-584\" src=\"http:\/\/investinlubuskie.pl\/wp-content\/uploads\/2018\/02\/524_CALVIA-1.jpg\" alt=\"\" width=\"1000\" height=\"1376\" \/><\/strong><\/p>\n<p style=\"text-align: center;\"><strong>EMBASSY OF THE REPUBLIC OF POLAND in WIEN Trade and Investment Promotion Section<\/strong><\/p>\n<p style=\"text-align: center;\"><strong><img loading=\"lazy\" decoding=\"async\" class=\"alignnone size-full wp-image-570\" src=\"http:\/\/investinlubuskie.pl\/wp-content\/uploads\/2018\/02\/525_Podziekowania_WIEDEN-1.jpg\" alt=\"\" width=\"1000\" height=\"1376\" \/> <img loading=\"lazy\" decoding=\"async\" class=\"alignnone size-full wp-image-572\" src=\"http:\/\/investinlubuskie.pl\/wp-content\/uploads\/2018\/02\/526_Referencje_WIEDEN1a-1.jpg\" alt=\"\" width=\"1000\" height=\"1376\" \/> <img loading=\"lazy\" decoding=\"async\" class=\"alignnone size-full wp-image-574\" src=\"http:\/\/investinlubuskie.pl\/wp-content\/uploads\/2018\/02\/527_Referencje_WIEDEN1b-1.jpg\" alt=\"\" width=\"1000\" height=\"1371\" \/><\/strong><\/p>\n<p style=\"text-align: center;\"><strong>KIETZMANN Company<\/strong><\/p>\n<p style=\"text-align: center;\"><strong><img loading=\"lazy\" decoding=\"async\" class=\"alignnone size-full wp-image-576\" src=\"http:\/\/investinlubuskie.pl\/wp-content\/uploads\/2018\/02\/551_KIETZMAN-1.jpg\" alt=\"\" width=\"1000\" height=\"1376\" \/><\/strong><\/p>\n","protected":false},"excerpt":{"rendered":"<p>Mayor \u017baga\u0144 Mayor Sul\u0119cin Mayor Dobiegniew CALVIA Company EMBASSY OF THE REPUBLIC OF POLAND in WIEN Trade and Investment Promotion&#8230;<\/p>\n","protected":false},"author":4,"featured_media":0,"parent":0,"menu_order":0,"comment_status":"closed","ping_status":"closed","template":"","meta":{"_monsterinsights_skip_tracking":false,"_monsterinsights_sitenote_active":false,"_monsterinsights_sitenote_note":"","_monsterinsights_sitenote_category":0,"footnotes":""},"class_list":["post-618","page","type-page","status-publish","hentry"],"_links":{"self":[{"href":"https:\/\/www.investinlubuskie.pl\/en\/wp-json\/wp\/v2\/pages\/618","targetHints":{"allow":["GET"]}}],"collection":[{"href":"https:\/\/www.investinlubuskie.pl\/en\/wp-json\/wp\/v2\/pages"}],"about":[{"href":"https:\/\/www.investinlubuskie.pl\/en\/wp-json\/wp\/v2\/types\/page"}],"author":[{"embeddable":true,"href":"https:\/\/www.investinlubuskie.pl\/en\/wp-json\/wp\/v2\/users\/4"}],"replies":[{"embeddable":true,"href":"https:\/\/www.investinlubuskie.pl\/en\/wp-json\/wp\/v2\/comments?post=618"}],"version-history":[{"count":3,"href":"https:\/\/www.investinlubuskie.pl\/en\/wp-json\/wp\/v2\/pages\/618\/revisions"}],"predecessor-version":[{"id":623,"href":"https:\/\/www.investinlubuskie.pl\/en\/wp-json\/wp\/v2\/pages\/618\/revisions\/623"}],"wp:attachment":[{"href":"https:\/\/www.investinlubuskie.pl\/en\/wp-json\/wp\/v2\/media?parent=618"}],"curies":[{"name":"wp","href":"https:\/\/api.w.org\/{rel}","templated":true}]}}